{"id":1814,"date":"2025-09-12T22:55:39","date_gmt":"2025-09-12T20:55:39","guid":{"rendered":"https:\/\/wzlot.zhp.wlkp.pl\/index.php\/registration\/"},"modified":"2025-09-12T23:23:56","modified_gmt":"2025-09-12T21:23:56","slug":"registration","status":"publish","type":"page","link":"https:\/\/wzlot.zhp.wlkp.pl\/index.php\/registration\/","title":{"rendered":"Rejestracja"},"content":{"rendered":"\t<div class='user-registration ur-frontend-form  ur-frontend-form--rounded ur-frontend-form--rounded-edge ' id='user-registration-form-1813'>\n\t\t\t\t\t\t\t\t<form method='post' class='register' data-form-id=\"1813\"\n\t\t\t\tdata-enable-strength-password=\"\" data-minimum-password-strength=\"3\"\n\t\t\t\t\t\t\t\t\t\t\t\t\t\t\t data-captcha-enabled=\"\">\n\n\t\t\t\t<div class=\"ur-form-row\" data-row-id=\"0\">\t\t\t\t\t\t\t<div class=\"ur-form-grid ur-grid-1\"\n\t\t\t\t\t\t\t\tstyle=\"width:48%\">\n\t\t\t\t\t\t\t\t\t\t\t\t\t\t\t\t<div  data-field-id=\"first_name\" class=\"ur-field-item field-first_name \" data-ref-id=\"first_name\" data-field-pattern-enabled=\"0\" data-field-pattern-value=\" \" data-field-pattern-message=\" \">\n\t\t\t\t\t\t\t\t\t\t<div class=\"form-row validate-required\" id=\"first_name_field\" data-priority=\"\" ><label for=\"first_name\" class=\"ur-label\">Imi\u0119 <abbr class=\"required\" title=\"required\">*<\/abbr><\/label> <span class=\"input-wrapper\"> <input  data-rules=\"\" data-id=\"first_name\" type=\"text\" class=\"input-text   input-text ur-frontend-field  \" name=\"first_name\" id=\"first_name\" placeholder=\"\"  value=\"\" required=\"required\" data-label=\"Imi\u0119\" \/> <\/span> <\/div>\t\t\t\t\t\t\t\t\t<\/div>\n\t\t\t\t\t\t\t\t\t\t\t\t\t\t\t\t<\/div>\n\t\t\t\t\t\t\t\t\t\t\t\t\t\t<div class=\"ur-form-grid ur-grid-2\"\n\t\t\t\t\t\t\t\tstyle=\"width:48%\">\n\t\t\t\t\t\t\t\t\t\t\t\t\t\t\t\t<div  data-field-id=\"last_name\" class=\"ur-field-item field-last_name \" data-ref-id=\"last_name\" data-field-pattern-enabled=\"0\" data-field-pattern-value=\" \" data-field-pattern-message=\" \">\n\t\t\t\t\t\t\t\t\t\t<div class=\"form-row validate-required\" id=\"last_name_field\" data-priority=\"\" ><label for=\"last_name\" class=\"ur-label\">Nazwisko <abbr class=\"required\" title=\"required\">*<\/abbr><\/label> <span class=\"input-wrapper\"> <input  data-rules=\"\" data-id=\"last_name\" type=\"text\" class=\"input-text   input-text ur-frontend-field  \" name=\"last_name\" id=\"last_name\" placeholder=\"\"  value=\"\" required=\"required\" data-label=\"Nazwisko\" \/> <\/span> <\/div>\t\t\t\t\t\t\t\t\t<\/div>\n\t\t\t\t\t\t\t\t\t\t\t\t\t\t\t\t<\/div>\n\t\t\t\t\t\t\t\t\t\t\t\t\t<\/div>\n\t\t\t\t\t\t<div class=\"ur-form-row\" data-row-id=\"1\">\t\t\t\t\t\t\t<div class=\"ur-form-grid ur-grid-1\"\n\t\t\t\t\t\t\t\tstyle=\"width:48%\">\n\t\t\t\t\t\t\t\t\t\t\t\t\t\t\t\t<div  data-field-id=\"user_email\" class=\"ur-field-item field-user_email \" data-ref-id=\"user_email\" data-field-pattern-enabled=\"0\" data-field-pattern-value=\" \" data-field-pattern-message=\" \">\n\t\t\t\t\t\t\t\t\t\t<div class=\"form-row validate-required\" id=\"user_email_field\" data-priority=\"\" ><label for=\"user_email\" class=\"ur-label\">Adres e-mail <abbr class=\"required\" title=\"required\">*<\/abbr><\/label> <span class=\"input-wrapper\"> <input  data-rules=\"\" data-id=\"user_email\" type=\"email\" class=\"input-text   input-email ur-frontend-field  \" name=\"user_email\" id=\"user_email\" placeholder=\"\"  value=\"\" required=\"required\" data-label=\"Adres e-mail\" \/> <\/span> <\/div>\t\t\t\t\t\t\t\t\t<\/div>\n\t\t\t\t\t\t\t\t\t\t\t\t\t\t\t\t\t\t<div  data-field-id=\"user_pass\" class=\"ur-field-item field-user_pass \" data-ref-id=\"user_pass\" data-field-pattern-enabled=\"0\" data-field-pattern-value=\" \" data-field-pattern-message=\" \">\n\t\t\t\t\t\t\t\t\t\t<div class=\"form-row validate-required hide_show_password\" id=\"user_pass_field\" data-priority=\"\"><label for=\"user_pass\" class=\"ur-label\">Has\u0142o <abbr class=\"required\" title=\"required\">*<\/abbr><\/label> <span class=\"input-wrapper\"> <span class=\"password-input-group input-form-field-icons\"><input data-rules=\"\" data-id=\"user_pass\" type=\"password\" class=\"input-text  input-password ur-frontend-field  \" name=\"user_pass\" id=\"user_pass\" placeholder=\"\"  value=\"\" required=\"required\" data-label=\"Has\u0142o\" \/><\/span> <\/span> <\/div>\t\t\t\t\t\t\t\t\t<\/div>\n\t\t\t\t\t\t\t\t\t\t\t\t\t\t\t\t\t\t<div  data-field-id=\"user_confirm_password\" class=\"ur-field-item field-user_confirm_password \" data-ref-id=\"user_confirm_password\" data-field-pattern-enabled=\"0\" data-field-pattern-value=\" \" data-field-pattern-message=\" \">\n\t\t\t\t\t\t\t\t\t\t<div class=\"form-row validate-required hide_show_password\" id=\"user_confirm_password_field\" data-priority=\"\"><label for=\"user_confirm_password\" class=\"ur-label\">Powt\u00f3rz has\u0142o <abbr class=\"required\" title=\"required\">*<\/abbr><\/label> <span class=\"input-wrapper\"> <span class=\"password-input-group input-form-field-icons\"><input data-rules=\"\" data-id=\"user_confirm_password\" type=\"password\" class=\"input-text  input-password ur-frontend-field  \" name=\"user_confirm_password\" id=\"user_confirm_password\" placeholder=\"\"  value=\"\" required=\"required\" data-label=\"Powt\u00f3rz has\u0142o\" \/><\/span> <\/span> <\/div>\t\t\t\t\t\t\t\t\t<\/div>\n\t\t\t\t\t\t\t\t\t\t\t\t\t\t\t\t<\/div>\n\t\t\t\t\t\t\t\t\t\t\t\t\t\t<div class=\"ur-form-grid ur-grid-2\"\n\t\t\t\t\t\t\t\tstyle=\"width:48%\">\n\t\t\t\t\t\t\t\t\t\t\t\t\t\t\t\t<div  data-field-id=\"user_login\" class=\"ur-field-item field-user_login \" data-ref-id=\"user_login\" data-field-pattern-enabled=\"0\" data-field-pattern-value=\" \" data-field-pattern-message=\" \">\n\t\t\t\t\t\t\t\t\t\t<div class=\"form-row validate-required\" id=\"user_login_field\" data-priority=\"\" ><label for=\"user_login\" class=\"ur-label\">Nazwa u\u017cytkownika <abbr class=\"required\" title=\"required\">*<\/abbr><\/label> <span class=\"input-wrapper\"> <input  data-rules=\"\" data-id=\"user_login\" type=\"text\" class=\"input-text   input-text ur-frontend-field  \" name=\"user_login\" id=\"user_login\" placeholder=\"\"  value=\"\" required=\"required\" data-label=\"Nazwa u\u017cytkownika\" data-username-character=\"1\"\/> <\/span> <\/div>\t\t\t\t\t\t\t\t\t<\/div>\n\t\t\t\t\t\t\t\t\t\t\t\t\t\t\t\t\t\t<div  data-field-id=\"druzyna\" class=\"ur-field-item field-select \" data-ref-id=\"druzyna\" data-field-pattern-enabled=\"0\" data-field-pattern-value=\" \" data-field-pattern-message=\" \">\n\t\t\t\t\t\t\t\t\t\t<div class=\"form-row validate-required\" id=\"druzyna_field\" data-priority=\"\" ><label for=\"druzyna\" class=\"ur-label\">Dru\u017cyna\/patrol <abbr class=\"required\" title=\"required\">*<\/abbr><\/label><select data-rules=\"\" data-id=\"druzyna\" name=\"druzyna\" id=\"druzyna\" class=\"select ur-frontend-field  \" required=\"required\" data-label=\"Dru\u017cyna\/patrol\" data-default=\"\u015aMIGIEL: 14 DW &quot;Skrzydlaci z Grodziska Wielkopolskiego, 18 DSH &quot;Trop&quot; ze \u015amigla, 1WDH z Ko\u015bciana, 2 \u015aDH &quot;S\u0142oneczna Gromada&quot; z \u017begr\u00f3wka\" data-allow_clear=\"true\" data-placeholder=\"\">\n\t\t\t\t\t\t\t<option value=\"6 Dru\u017cyna W\u0119drownicza ,, Szafa Gra&quot;\" >6 Dru\u017cyna W\u0119drownicza ,, Szafa Gra&quot;<\/option><option value=\"9 Dru\u017cyna W\u0119drownicza &quot;\u015awit&quot;\" >9 Dru\u017cyna W\u0119drownicza &quot;\u015awit&quot;<\/option><option value=\"11 Dru\u017cyna W\u0119drownicza ODLOT\" >11 Dru\u017cyna W\u0119drownicza ODLOT<\/option><option value=\"\u015aMIGIEL: 14 DW &quot;Skrzydlaci z Grodziska Wielkopolskiego, 18 DSH &quot;Trop&quot; ze \u015amigla, 1WDH z Ko\u015bciana, 2 \u015aDH &quot;S\u0142oneczna Gromada&quot; z \u017begr\u00f3wka\"  selected='selected'>\u015aMIGIEL: 14 DW &quot;Skrzydlaci z Grodziska Wielkopolskiego, 18 DSH &quot;Trop&quot; ze \u015amigla, 1WDH z Ko\u015bciana, 2 \u015aDH &quot;S\u0142oneczna Gromada&quot; z \u017begr\u00f3wka<\/option><option value=\"K\u0118PNO: 14 pWDH &quot;Burza&quot;, 22 WDH &quot;Niecoinni&quot;, 44 WDH &quot;Poszukiwacze&quot;, 68 WDH &quot;Fire Kids&quot;, 3 Szczep &quot;SILVA&quot;\" >K\u0118PNO: 14 pWDH &quot;Burza&quot;, 22 WDH &quot;Niecoinni&quot;, 44 WDH &quot;Poszukiwacze&quot;, 68 WDH &quot;Fire Kids&quot;, 3 Szczep &quot;SILVA&quot;<\/option><option value=\"19 Wielopoziomowa Dru\u017cyna Harcerska im. Ignacego Talarczyka w Borku Wlkp\" >19 Wielopoziomowa Dru\u017cyna Harcerska im. Ignacego Talarczyka w Borku Wlkp<\/option><option value=\"22 Dru\u017cyna W\u0119drownicza w D\u0105bczu\" >22 Dru\u017cyna W\u0119drownicza w D\u0105bczu<\/option><option value=\"23 DW &quot;Carpe Diem&quot; w Pleszewie\" >23 DW &quot;Carpe Diem&quot; w Pleszewie<\/option><option value=\"24 Koni\u0144ska Dru\u017cyna W\u0119drownicza &quot;Feniks o Brzasku&quot; im. gen. R. Baden-Powella\" >24 Koni\u0144ska Dru\u017cyna W\u0119drownicza &quot;Feniks o Brzasku&quot; im. gen. R. Baden-Powella<\/option><option value=\"28 DW &quot;\u017bywica&quot;\" >28 DW &quot;\u017bywica&quot;<\/option><option value=\"33 PDW &quot;Goliard&quot;\" >33 PDW &quot;Goliard&quot;<\/option><option value=\"34 Dru\u017cyna W\u0119drownicza im. W\u0142adys\u0142awa Rybakowskiego\" >34 Dru\u017cyna W\u0119drownicza im. W\u0142adys\u0142awa Rybakowskiego<\/option><option value=\"41 DW &quot;Leszy&quot;; 72 WDH im. Bohater\u00f3w Westerplatte\" >41 DW &quot;Leszy&quot;; 72 WDH im. Bohater\u00f3w Westerplatte<\/option><option value=\"44 DW &quot;Krzemie\u0144 66&quot;\" >44 DW &quot;Krzemie\u0144 66&quot;<\/option><option value=\"44 DW &quot;Krzemie\u0144 66&quot; (Czarna Rada)\" >44 DW &quot;Krzemie\u0144 66&quot; (Czarna Rada)<\/option><option value=\"47 DW &quot;Popio\u0142y&quot; im. Phm. Franciszka Brody\" >47 DW &quot;Popio\u0142y&quot; im. Phm. Franciszka Brody<\/option><option value=\"51DSH Feniks, 51 Zast\u0119p W\u0119drowniczy Tigris\" >51DSH Feniks, 51 Zast\u0119p W\u0119drowniczy Tigris<\/option><option value=\"62 KDHS &quot;Brzoza&quot;, 10 KWDH &quot;Huragan&quot;\" >62 KDHS &quot;Brzoza&quot;, 10 KWDH &quot;Huragan&quot;<\/option><option value=\"74 PDH &quot;Eskapada&quot; im. Janusza Korczaka\" >74 PDH &quot;Eskapada&quot; im. Janusza Korczaka<\/option><option value=\"77 PDW Chimera\" >77 PDW Chimera<\/option><option value=\"79 PDH &quot;Wilki&quot;, 23 PDW &quot;Aves&quot;\" >79 PDH &quot;Wilki&quot;, 23 PDW &quot;Aves&quot;<\/option><option value=\"91 DW Eltani\" >91 DW Eltani<\/option><option value=\"93 Pozna\u0144ska Dru\u017cyna W\u0119drownicza &#039;&#039;Avis&#039;&#039; im. Stanis\u0142awa &#039;&#039;Orszy&#039;&#039; Broniewskiego\" >93 Pozna\u0144ska Dru\u017cyna W\u0119drownicza &#039;&#039;Avis&#039;&#039; im. Stanis\u0142awa &#039;&#039;Orszy&#039;&#039; Broniewskiego<\/option><option value=\"100 Dru\u017cyna W\u0119drownicza &quot;Horyzont&quot; im. gen. Roberta Baden-Powella\" >100 Dru\u017cyna W\u0119drownicza &quot;Horyzont&quot; im. gen. Roberta Baden-Powella<\/option><option value=\"102 WDW\" >102 WDW<\/option><option value=\"120 DW ORION\" >120 DW ORION<\/option><option value=\"222 PDW\" >222 PDW<\/option><option value=\"244 PDW Inyan\" >244 PDW Inyan<\/option>\n\t\t\t\t\t\t<\/select><span class=\"description\">Je\u017celi w jednym patrolu s\u0105 cz\u0142onkowie z kilku dru\u017cyn b\u0119d\u0105 one wymienione po przecinku<\/span><\/div>\t\t\t\t\t\t\t\t\t<\/div>\n\t\t\t\t\t\t\t\t\t\t\t\t\t\t\t\t<\/div>\n\t\t\t\t\t\t\t\t\t\t\t\t\t<\/div>\n\t\t\t\t\t\t\t\t\t\t\t\t\t\t\t\t\t\t<div class=\"ur-button-container \" >\n\t\t\t\t\t\t\t\t\t\t\t\t\t\t<button type=\"submit\" class=\"btn button ur-submit-button submit\"  conditional_rules=\"&quot;&quot;\">\n\t\t\t\t\t\t\t\t<span><\/span>\n\t\t\t\t\t\t\t\tZarejestruj si\u0119\t\t\t\t\t\t\t<\/button>\n\t\t\t\t\t\t\t\t\t\t\t\t\t\t\t\t\t\t\t\t<\/div>\n\t\t\t\t\t\t\n\t\t\t\t<div style=\"clear:both\"><\/div>\n\t\t\t\t\t\t\t\t<input type=\"hidden\" name=\"ur-registration-language\" value=\"pl-PL\"\/>\n\t\t\t\t<input type=\"hidden\" name=\"ur-user-form-id\" value=\"1813\"\/>\n\t\t\t\t<input type=\"hidden\" name=\"ur-redirect-url\" value=\"https:\/\/wzlot.zhp.wlkp.pl\/\"\/>\n\t\t\t\t<input type=\"hidden\" id=\"ur_frontend_form_nonce\" name=\"ur_frontend_form_nonce\" value=\"e54639a483\" \/>\n\t\t\t\t\n\t\t\t<\/form>\n\t\t\t\n\t\t<div style=\"clear:both\"><\/div>\n\t<\/div>\n\n\n","protected":false},"excerpt":{"rendered":"","protected":false},"author":1,"featured_media":0,"parent":0,"menu_order":0,"comment_status":"closed","ping_status":"closed","template":"","meta":{"_acf_changed":false,"_price":"","_stock":"","_tribe_ticket_header":"","_tribe_default_ticket_provider":"","_tribe_ticket_capacity":"0","_ticket_start_date":"","_ticket_end_date":"","_tribe_ticket_show_description":"","_tribe_ticket_show_not_going":false,"_tribe_ticket_use_global_stock":"","_tribe_ticket_global_stock_level":"","_global_stock_mode":"","_global_stock_cap":"","_tribe_rsvp_for_event":"","_tribe_ticket_going_count":"","_tribe_ticket_not_going_count":"","_tribe_tickets_list":"[]","_tribe_ticket_has_attendee_info_fields":false,"_EventAllDay":false,"_EventTimezone":"","_EventStartDate":"","_EventEndDate":"","_EventStartDateUTC":"","_EventEndDateUTC":"","_EventShowMap":false,"_EventShowMapLink":false,"_EventURL":"","_EventCost":"","_EventCostDescription":"","_EventCurrencySymbol":"","_EventCurrencyCode":"","_EventCurrencyPosition":"","_EventDateTimeSeparator":"","_EventTimeRangeSeparator":"","_EventOrganizerID":[],"_EventVenueID":[],"_OrganizerEmail":"","_OrganizerPhone":"","_OrganizerWebsite":"","_VenueAddress":"","_VenueCity":"","_VenueCountry":"","_VenueProvince":"","_VenueState":"","_VenueZip":"","_VenuePhone":"","_VenueURL":"","_VenueStateProvince":"","_VenueLat":"","_VenueLng":"","_VenueShowMap":false,"_VenueShowMapLink":false,"_kadence_starter_templates_imported_post":false,"_kad_post_transparent":"","_kad_post_title":"","_kad_post_layout":"","_kad_post_sidebar_id":"","_kad_post_content_style":"","_kad_post_vertical_padding":"","_kad_post_feature":"","_kad_post_feature_position":"","_kad_post_header":false,"_kad_post_footer":false,"footnotes":""},"class_list":["post-1814","page","type-page","status-publish","hentry"],"acf":[],"_links":{"self":[{"href":"https:\/\/wzlot.zhp.wlkp.pl\/index.php\/wp-json\/wp\/v2\/pages\/1814","targetHints":{"allow":["GET"]}}],"collection":[{"href":"https:\/\/wzlot.zhp.wlkp.pl\/index.php\/wp-json\/wp\/v2\/pages"}],"about":[{"href":"https:\/\/wzlot.zhp.wlkp.pl\/index.php\/wp-json\/wp\/v2\/types\/page"}],"author":[{"embeddable":true,"href":"https:\/\/wzlot.zhp.wlkp.pl\/index.php\/wp-json\/wp\/v2\/users\/1"}],"replies":[{"embeddable":true,"href":"https:\/\/wzlot.zhp.wlkp.pl\/index.php\/wp-json\/wp\/v2\/comments?post=1814"}],"version-history":[{"count":1,"href":"https:\/\/wzlot.zhp.wlkp.pl\/index.php\/wp-json\/wp\/v2\/pages\/1814\/revisions"}],"predecessor-version":[{"id":1822,"href":"https:\/\/wzlot.zhp.wlkp.pl\/index.php\/wp-json\/wp\/v2\/pages\/1814\/revisions\/1822"}],"wp:attachment":[{"href":"https:\/\/wzlot.zhp.wlkp.pl\/index.php\/wp-json\/wp\/v2\/media?parent=1814"}],"curies":[{"name":"wp","href":"https:\/\/api.w.org\/{rel}","templated":true}]}}